{"id":383,"date":"2014-03-26T01:26:51","date_gmt":"2014-03-26T01:26:51","guid":{"rendered":"http:\/\/tdfgroup.com.ar\/t\/?page_id=383"},"modified":"2019-03-19T01:22:00","modified_gmt":"2019-03-19T01:22:00","slug":"epav","status":"publish","type":"page","link":"http:\/\/tdfgroup.com.ar\/?page_id=383","title":{"rendered":"EPAV"},"content":{"rendered":"<div class=\"header-empresa\">\n<nav id=\"masternav\" class=\"menu-empresa\">\n<ul>\n<li><a href=\"\/\">TDF Group<\/a><\/li>\n<li><a id=\"primera\" href=\"#empresa\">EPAV S.A.<\/a><\/li>\n<li><a href=\"#servicios\">SERVICIOS<\/a><\/li>\n<li><a href=\"\" class=\"mail-link\">CONTACTO<\/a><\/li>\n<\/ul>\n<\/nav>\n<div class=\"logo-empresa\">\n<img loading=\"lazy\" decoding=\"async\" class=\"alignnone size-full wp-image-34\" alt=\"et\" src=\"wp-content\/uploads\/2014\/03\/epavsa.png\" width=\"71\" height=\"43\" \/>\n<\/div>\n<\/nav>\n<\/div>\n<div id=\"empresa\">\n<div class=\"col-izq\">\n<style id=\"bwg-style-0\">  #bwg_container1_0 {    display: table;\t\/*visibility: hidden;*\/  }  #bwg_container1_0 * {\t  -moz-user-select: none;\t  -khtml-user-select: none;\t  -webkit-user-select: none;\t  -ms-user-select: none;\t  user-select: none;  }  #bwg_container1_0 #bwg_container2_0 .bwg_slideshow_image_wrap_0 {\t  background-color: #000000;\t  width: 549px;\t  height: 275px;  }  #bwg_container1_0 #bwg_container2_0 .bwg_slideshow_image_0 {\t  max-width: 549px;\t  max-height: 185px;  }  #bwg_container1_0 #bwg_container2_0 .bwg_slideshow_embed_0 {    width: 549px;    height: 185px;  }  #bwg_container1_0 #bwg_container2_0 #bwg_slideshow_play_pause_0 {\t  background: transparent url(\"http:\/\/tdfgroup.com.ar\/wp-content\/plugins\/photo-gallery\/images\/blank.gif\") repeat scroll 0 0;  }  #bwg_container1_0 #bwg_container2_0 #bwg_slideshow_play_pause-ico_0 {    color: #FFFFFF;    font-size: 60px;  }  #bwg_container1_0 #bwg_container2_0 #bwg_slideshow_play_pause-ico_0:hover {\t  color: #CCCCCC;  }  #bwg_container1_0 #bwg_container2_0 #spider_slideshow_left_0,  #bwg_container1_0 #bwg_container2_0 #spider_slideshow_right_0 {\t  background: transparent url(\"http:\/\/tdfgroup.com.ar\/wp-content\/plugins\/photo-gallery\/images\/blank.gif\") repeat scroll 0 0;  }  #bwg_container1_0 #bwg_container2_0 #spider_slideshow_left-ico_0,  #bwg_container1_0 #bwg_container2_0 #spider_slideshow_right-ico_0 {\t  background-color: #000000;\t  border-radius: 20px;\t  border: 0px none #FFFFFF;\t  box-shadow: 0px 0px 0px #000000;\t  color: #FFFFFF;\t  height: 40px;\t  font-size: 20px;\t  width: 40px;\t  opacity: 1.00;  }  #bwg_container1_0 #bwg_container2_0 #spider_slideshow_left-ico_0:hover,  #bwg_container1_0 #bwg_container2_0 #spider_slideshow_right-ico_0:hover {\t  color: #CCCCCC;  }      #spider_slideshow_left-ico_0{      left: -9999px;    }    #spider_slideshow_right-ico_0{      left: -9999px;    }      #bwg_container1_0 #bwg_container2_0 .bwg_slideshow_image_container_0 {\t  top: 90px;\t  width: 549px;\t  height: 275px;\t}\t#bwg_container1_0 #bwg_container2_0 .bwg_slideshow_filmstrip_container_0 {\t  display: table;\t  height: 90px;\t  width: 549px;\t  top: 0;  }  \/* Filmstrip dimension *\/  #bwg_container1_0 #bwg_container2_0 .bwg_slideshow_filmstrip_0 {\t  left: 20px;\t  width: 509px;\t  \/*z-index: 10106;*\/  }  #bwg_container1_0 #bwg_container2_0 .bwg_slideshow_filmstrip_thumbnails_0 {    left: 0px;    width: 546px;    height: 90px;  }  #bwg_container1_0 #bwg_container2_0 .bwg_slideshow_filmstrip_thumbnail_0 {    width: 180px;    height: 90px;    margin: 0 1px;    border: 1px solid #000000;    border-radius: 0;  }  #bwg_container1_0 #bwg_container2_0 .bwg_slideshow_thumb_active_0 {\t  border: 0px solid #FFFFFF;  }  #bwg_container1_0 #bwg_container2_0 .bwg_slideshow_thumb_deactive_0 {    opacity: 0.80;  }  #bwg_container1_0 #bwg_container2_0 .bwg_slideshow_filmstrip_left_0,  #bwg_container1_0 #bwg_container2_0 .bwg_slideshow_filmstrip_left_disabled_0 {\t  background-color: #3B3B3B;\t  display: table-cell;\t  width: 20px;\t  left: 0;\t  \t    }  #bwg_container1_0 #bwg_container2_0 .bwg_slideshow_filmstrip_right_0,  #bwg_container1_0 #bwg_container2_0 .bwg_slideshow_filmstrip_right_disabled_0 {\t  background-color: #3B3B3B;    display: table-cell;    right: 0;\t  width: 20px;\t  \t    }  #bwg_container1_0 #bwg_container2_0 .bwg_slideshow_filmstrip_left_0 i,  #bwg_container1_0 #bwg_container2_0 .bwg_slideshow_filmstrip_right_0 i,  #bwg_container1_0 #bwg_container2_0 .bwg_slideshow_filmstrip_left_disabled_0 i,  #bwg_container1_0 #bwg_container2_0 .bwg_slideshow_filmstrip_right_disabled_0 i {\t  color: #FFFFFF;\t  font-size: 20px;  }  #bwg_container1_0 #bwg_container2_0 .bwg_slideshow_filmstrip_left_0 {    display: none;  }  #bwg_container1_0 #bwg_container2_0 .bwg_slideshow_filmstrip_left_disabled_0,  #bwg_container1_0 #bwg_container2_0 .bwg_slideshow_filmstrip_right_disabled_0 {    display: none;    opacity: 0.3;  }  #bwg_container1_0 #bwg_container2_0 .bwg_slideshow_filmstrip_left_disabled_0 {    display: table-cell;  }  #bwg_container1_0 #bwg_container2_0 .bwg_slideshow_watermark_spun_0 {\t  text-align: right;\t  vertical-align: bottom;  }  #bwg_container1_0 #bwg_container2_0 .bwg_slideshow_title_spun_0 {\t  text-align: right;\t  vertical-align: top;  }  #bwg_container1_0 #bwg_container2_0 .bwg_slideshow_description_spun_0 {\t  text-align: right;\t  vertical-align: bottom;  }  #bwg_container1_0 #bwg_container2_0 .bwg_slideshow_watermark_image_0 {\t  max-height: 90px;\t  max-width: 90px;\t  opacity: 0.30;  }  #bwg_container1_0 #bwg_container2_0 .bwg_slideshow_watermark_text_0,  #bwg_container1_0 #bwg_container2_0 .bwg_slideshow_watermark_text_0:hover {\t  text-decoration: none;\t  margin: 4px;\t  position: relative;\t  z-index: 15;  }  #bwg_container1_0 #bwg_container2_0 .bwg_slideshow_title_text_0 {\t  font-size: 16px;\t  font-family: segoe ui;\t  color: #FFFFFF !important;\t  opacity: 0.70;    border-radius: 5px;\t  background-color: #000000;\t  padding: 0 0 0 0;\t  \t\twidth: 100%;\t  \t    }  #bwg_container1_0 #bwg_container2_0 .bwg_slideshow_description_text_0 {\t  font-size: 14px;\t  font-family: segoe ui;\t  color: #FFFFFF !important;\t  opacity: 0.70;    border-radius: 0;\t  background-color: #000000;\t  padding: 5px 10px 5px 10px;\t    }  #bwg_container1_0 #bwg_container2_0 .bwg_slideshow_description_text_0 * {\ttext-decoration: none;\tcolor: #FFFFFF !important;  }  #bwg_container1_0 #bwg_container2_0 .bwg_slideshow_dots_0 {\t  width: 12px;\t  height: 12px;\t  border-radius: 5px;\t  background: #F2D22E;\t  margin: 3px;  }  #bwg_container1_0 #bwg_container2_0 .bwg_slideshow_dots_container_0 {\t  width: 549px;\t  top: 0;  }  #bwg_container1_0 #bwg_container2_0 .bwg_slideshow_dots_thumbnails_0 {\t  height: 18px;\t  width: 54px;  }  #bwg_container1_0 #bwg_container2_0 .bwg_slideshow_dots_active_0 {\t  background: #FFFFFF;\t  border: 1px solid #000000;  }  <\/style>    <div id=\"bwg_container1_0\"         class=\"bwg_container bwg_thumbnail bwg_slideshow \"         data-right-click-protection=\"0\"         data-bwg=\"0\"         data-scroll=\"0\"         data-gallery-type=\"slideshow\"         data-gallery-view-type=\"slideshow\"         data-current-url=\"\/index.php?rest_route=%2Fwp%2Fv2%2Fpages%2F383\"         data-lightbox-url=\"http:\/\/tdfgroup.com.ar\/wp-admin\/admin-ajax.php?action=GalleryBox&#038;current_view=0&#038;gallery_id=9&#038;tag=0&#038;theme_id=1&#038;shortcode_id=0&#038;sort_by=order&#038;order_by=asc&#038;current_url=%2Findex.php%3Frest_route%3D%252Fwp%252Fv2%252Fpages%252F383\"         data-gallery-id=\"9\"         data-popup-width=\"800\"         data-popup-height=\"500\"         data-is-album=\"gallery\"         data-buttons-position=\"bottom\">      <div id=\"bwg_container2_0\">             <div id=\"ajax_loading_0\" class=\"bwg_loading_div_1\">      <div class=\"bwg_loading_div_2\">        <div class=\"bwg_loading_div_3\">          <div id=\"loading_div_0\" class=\"bwg_spider_ajax_loading\">          <\/div>        <\/div>      <\/div>    <\/div>            <form id=\"gal_front_form_0\"              class=\"bwg-hidden\"              method=\"post\"              action=\"#\"              data-current=\"0\"              data-shortcode-id=\"0\"              data-gallery-type=\"slideshow\"              data-gallery-id=\"9\"              data-tag=\"0\"              data-album-id=\"0\"              data-theme-id=\"1\"              data-ajax-url=\"http:\/\/tdfgroup.com.ar\/wp-admin\/admin-ajax.php?action=bwg_frontend_data\">          <div id=\"bwg_container3_0\" class=\"bwg-background bwg-background-0\">              <div class=\"bwg_slideshow_image_wrap_0 bwg-slideshow-images-wrapper bwg-container\"       data-bwg=\"0\"       data-lightbox-url=\"http:\/\/tdfgroup.com.ar\/wp-admin\/admin-ajax.php?action=GalleryBox&#038;current_view=0&#038;gallery_id=9&#038;tag=0&#038;theme_id=1&#038;shortcode_id=0&#038;sort_by=order&#038;order_by=asc&#038;current_url=%2Findex.php%3Frest_route%3D%252Fwp%252Fv2%252Fpages%252F383\">          <div class=\"bwg_slideshow_filmstrip_container_0\">        <div class=\"bwg_slideshow_filmstrip_left_0\">          <i class=\"bwg-icon-angle-left\"><\/i>        <\/div>        <div class=\"bwg_slideshow_filmstrip_left_disabled_0\">          <i class=\"bwg-icon-angle-left\"><\/i>        <\/div>        <div class=\"bwg_slideshow_filmstrip_0 bwg_slideshow_filmstrip\">          <div class=\"bwg_slideshow_filmstrip_thumbnails_0\">                          <div id=\"bwg_filmstrip_thumbnail_0_0\"                class=\"bwg_slideshow_filmstrip_thumbnail_0 bwg_slideshow_thumb_active_0\"                data-style=\"width:180px; height:90px;\">                <img decoding=\"async\" class=\"bwg_filmstrip_thumbnail_img bwg_slideshow_filmstrip_thumbnail_img_0\"                  style=\"width:180px; height:90px; margin-left: 0px; margin-top: 0px;\"                  data-style=\"width:180px; height:90px; margin-left: 0px; margin-top: 0px;\"                  src=\"http:\/\/tdfgroup.com.ar\/wp-content\/uploads\/photo-gallery\/thumb\/EPAVSA%204.jpg\"                  data-src=\"http:\/\/tdfgroup.com.ar\/wp-content\/uploads\/photo-gallery\/thumb\/EPAVSA%204.jpg\"                  onclick=\"bwg_change_image(parseInt(jQuery('#bwg_current_image_key_0').val()), '0', '', '', '0')\"                  image_id=\"31\"                  image_key=\"0\"                  alt=\"EPAVSA 4\"                  title=\"EPAVSA 4\" \/>              <\/div>                            <div id=\"bwg_filmstrip_thumbnail_1_0\"                class=\"bwg_slideshow_filmstrip_thumbnail_0 bwg_slideshow_thumb_deactive_0\"                data-style=\"width:180px; height:90px;\">                <img decoding=\"async\" class=\"bwg_filmstrip_thumbnail_img bwg_slideshow_filmstrip_thumbnail_img_0\"                  style=\"width:180px; height:90px; margin-left: 0px; margin-top: 0px;\"                  data-style=\"width:180px; height:90px; margin-left: 0px; margin-top: 0px;\"                  src=\"http:\/\/tdfgroup.com.ar\/wp-content\/uploads\/photo-gallery\/thumb\/EPAVSA%202.jpg\"                  data-src=\"http:\/\/tdfgroup.com.ar\/wp-content\/uploads\/photo-gallery\/thumb\/EPAVSA%202.jpg\"                  onclick=\"bwg_change_image(parseInt(jQuery('#bwg_current_image_key_0').val()), '1', '', '', '0')\"                  image_id=\"30\"                  image_key=\"1\"                  alt=\"EPAVSA 2\"                  title=\"EPAVSA 2\" \/>              <\/div>                            <div id=\"bwg_filmstrip_thumbnail_2_0\"                class=\"bwg_slideshow_filmstrip_thumbnail_0 bwg_slideshow_thumb_deactive_0\"                data-style=\"width:180px; height:90px;\">                <img decoding=\"async\" class=\"bwg_filmstrip_thumbnail_img bwg_slideshow_filmstrip_thumbnail_img_0\"                  style=\"width:180px; height:90px; margin-left: 0px; margin-top: 0px;\"                  data-style=\"width:180px; height:90px; margin-left: 0px; margin-top: 0px;\"                  src=\"http:\/\/tdfgroup.com.ar\/wp-content\/uploads\/photo-gallery\/thumb\/EPAVSA.jpg\"                  data-src=\"http:\/\/tdfgroup.com.ar\/wp-content\/uploads\/photo-gallery\/thumb\/EPAVSA.jpg\"                  onclick=\"bwg_change_image(parseInt(jQuery('#bwg_current_image_key_0').val()), '2', '', '', '0')\"                  image_id=\"29\"                  image_key=\"2\"                  alt=\"EPAVSA\"                  title=\"EPAVSA\" \/>              <\/div>                        <\/div>        <\/div>        <div class=\"bwg_slideshow_filmstrip_right_0\">          <i class=\"bwg-icon-angle-right\"><\/i>        <\/div>        <div class=\"bwg_slideshow_filmstrip_right_disabled_0\">          <i class=\"bwg-icon-angle-right\"><\/i>        <\/div>      <\/div>          <div id=\"bwg_slideshow_image_container_0\"         class=\"bwg_slideshow_image_container_0\"         data-params='{&quot;bwg_source&quot;:&quot;slider&quot;,&quot;bwg_current_key&quot;:&quot;&quot;,&quot;bwg_transition_duration&quot;:1000,&quot;bwg_trans_in_progress&quot;:false,&quot;data&quot;:[{&quot;id&quot;:&quot;31&quot;,&quot;alt&quot;:&quot;EPAVSA 4&quot;,&quot;description&quot;:&quot;&quot;,&quot;filetype&quot;:&quot;JPG&quot;,&quot;filename&quot;:&quot;EPAVSA 4&quot;,&quot;image_url&quot;:&quot;\\\/EPAVSA 4.jpg&quot;,&quot;thumb_url&quot;:&quot;\\\/thumb\\\/EPAVSA 4.jpg&quot;,&quot;redirect_url&quot;:&quot;#&quot;,&quot;date&quot;:&quot;07 April 2014, 01:41&quot;,&quot;is_embed&quot;:false,&quot;is_embed_video&quot;:false,&quot;image_width&quot;:&quot;3400&quot;,&quot;image_height&quot;:&quot;1702&quot;},{&quot;id&quot;:&quot;30&quot;,&quot;alt&quot;:&quot;EPAVSA 2&quot;,&quot;description&quot;:&quot;&quot;,&quot;filetype&quot;:&quot;JPG&quot;,&quot;filename&quot;:&quot;EPAVSA 2&quot;,&quot;image_url&quot;:&quot;\\\/EPAVSA 2.jpg&quot;,&quot;thumb_url&quot;:&quot;\\\/thumb\\\/EPAVSA 2.jpg&quot;,&quot;redirect_url&quot;:&quot;#&quot;,&quot;date&quot;:&quot;07 April 2014, 01:40&quot;,&quot;is_embed&quot;:false,&quot;is_embed_video&quot;:false,&quot;image_width&quot;:&quot;1632&quot;,&quot;image_height&quot;:&quot;817&quot;},{&quot;id&quot;:&quot;29&quot;,&quot;alt&quot;:&quot;EPAVSA&quot;,&quot;description&quot;:&quot;&quot;,&quot;filetype&quot;:&quot;JPG&quot;,&quot;filename&quot;:&quot;EPAVSA&quot;,&quot;image_url&quot;:&quot;\\\/EPAVSA.jpg&quot;,&quot;thumb_url&quot;:&quot;\\\/thumb\\\/EPAVSA.jpg&quot;,&quot;redirect_url&quot;:&quot;#&quot;,&quot;date&quot;:&quot;07 April 2014, 01:41&quot;,&quot;is_embed&quot;:false,&quot;is_embed_video&quot;:false,&quot;image_width&quot;:&quot;1632&quot;,&quot;image_height&quot;:&quot;817&quot;}],&quot;width_or_height&quot;:&quot;width&quot;,&quot;filmstrip_thumb_margin_hor&quot;:2,&quot;left_or_top&quot;:&quot;left&quot;,&quot;outerWidth_or_outerHeight&quot;:&quot;outerWidth&quot;,&quot;enable_slideshow_shuffle&quot;:&quot;0&quot;,&quot;lightbox_filmstrip_thumb_border_width&quot;:&quot;1&quot;,&quot;thumb_click_action&quot;:&quot;open_lightbox&quot;,&quot;thumb_link_target&quot;:&quot;1&quot;,&quot;upload_url&quot;:&quot;http:\\\/\\\/tdfgroup.com.ar\\\/wp-content\\\/uploads\\\/photo-gallery&quot;,&quot;preload_images&quot;:&quot;1&quot;,&quot;slideshow_effect&quot;:&quot;fade&quot;,&quot;event_stack&quot;:&quot;&quot;,&quot;preload_images_count&quot;:10,&quot;image_width&quot;:&quot;549&quot;,&quot;image_height&quot;:&quot;275&quot;,&quot;thumb_width&quot;:&quot;180&quot;,&quot;thumb_height&quot;:&quot;90&quot;,&quot;filmstrip_direction&quot;:&quot;horizontal&quot;,&quot;slideshow_filmstrip_type&quot;:1,&quot;slideshow_thumbnails_count&quot;:5,&quot;slideshow_filmstrip_width&quot;:180,&quot;slideshow_filmstrip_height&quot;:&quot;90&quot;,&quot;slideshow_filmstrip_rl_btn_size&quot;:&quot;20&quot;,&quot;slideshow_play_pause_btn_size&quot;:&quot;60&quot;,&quot;watermark_type&quot;:90,&quot;watermark_height&quot;:90,&quot;watermark_font_size&quot;:12,&quot;slideshow_title_font_size&quot;:&quot;16&quot;,&quot;slideshow_description_font_size&quot;:&quot;14&quot;,&quot;bwg_playInterval&quot;:&quot;&quot;,&quot;slideshow_interval&quot;:5,&quot;image_right_click&quot;:&quot;0&quot;,&quot;enable_slideshow_autoplay&quot;:&quot;1&quot;,&quot;enable_slideshow_music&quot;:&quot;0&quot;,&quot;bwg_current_filmstrip_pos&quot;:0}'         data-filmstrip-position=\"top\"         data-filmstrip-size=\"90\">      <div class=\"bwg_slide_container_0\">        <div class=\"bwg_slide_bg_0\">          <div class=\"bwg_slider_0\">                            <span class=\"bwg_slideshow_image_spun_0\" id=\"image_id_0_31\">                    <span class=\"bwg_slideshow_image_spun1_0\">                      <span class=\"bwg_slideshow_image_spun2_0\">                                                  <a  class=\"bwg-a bwg_lightbox\" href=\"http:\/\/tdfgroup.com.ar\/wp-content\/uploads\/photo-gallery\/EPAVSA%204.jpg\" data-image-id=\"31\" data-elementor-open-lightbox=\"no\">                          <img decoding=\"async\" id=\"bwg_slideshow_image_0\"                               class=\"skip-lazy bwg_slide bwg_slideshow_image_0 \"                               src=\"http:\/\/tdfgroup.com.ar\/wp-content\/uploads\/photo-gallery\/EPAVSA%204.jpg\"                               data-src=\"http:\/\/tdfgroup.com.ar\/wp-content\/uploads\/photo-gallery\/EPAVSA%204.jpg\"                               image_id=\"31\"                               alt=\"EPAVSA 4\" \/>                          <\/a>                                                <\/span>                    <\/span>                  <\/span>                <span class=\"bwg_slideshow_image_second_spun_0\">                  <\/span>                <input type=\"hidden\" id=\"bwg_current_image_key_0\" value=\"0\" \/>                          <\/div>        <\/div>      <\/div>          <\/div>      <\/div>            <\/div>        <\/form>        <style>          #bwg_container1_0 #bwg_container2_0 #spider_popup_overlay_0 {          background-color: #000000;          opacity: 0.70;          }          <\/style>        <div id=\"bwg_spider_popup_loading_0\" class=\"bwg_spider_popup_loading\"><\/div>        <div id=\"spider_popup_overlay_0\" class=\"spider_popup_overlay\" onclick=\"spider_destroypopup(1000)\"><\/div>        <input type=\"hidden\" id=\"bwg_random_seed_0\" value=\"1684464640\">                <\/div>    <\/div>    <script>      if (document.readyState === 'complete') {        if( typeof bwg_main_ready == 'function' ) {          if ( jQuery(\"#bwg_container1_0\").height() ) {            bwg_main_ready(jQuery(\"#bwg_container1_0\"));          }        }      } else {        document.addEventListener('DOMContentLoaded', function() {          if( typeof bwg_main_ready == 'function' ) {            if ( jQuery(\"#bwg_container1_0\").height() ) {             bwg_main_ready(jQuery(\"#bwg_container1_0\"));            }          }        });      }    <\/script>    \n<\/div>\n<div class=\"col-der\">\n<p class=\"descripcion-emp\" align=\"right\">EPAV S.A. Brinda soluciones a obras y trabajos  espec\u00edficos de la actividad vial y civil<\/p>\n<p><img decoding=\"async\" src=\"wp-content\/uploads\/2014\/02\/Circulo.png\" >\n<\/div>\n<div id=\"desc-emp\">\n<h2 class=\"desc-marca\">EPAV S.A. EJECUTA OBRAS CIVILES Y VIALES EN EL \u00c1MBITO PRIVADO, PROVINCIAL Y MUNICIPAL.<\/h2>\n<\/div>\n<\/div>\n<div id=\"servicios\">\n<div id=\"fondo-imagen\">\n<p class=\"titulo-servicio\">SERVICIOS<\/p>\n<div class=\"list-serv serv-largos\">\n<ul>\n<li>ADMINISTRACION Y GESTION<\/li>\n<ul>\n<li>Provisi\u00f3n de materiales de bacheo<\/li>\n<li>Provisi\u00f3n de ligantes, imprimantes, sella juntas y asfaltos modificados para sellar grietas<\/li>\n<li>Trabajos de reparaci\u00f3n de calzada, obras civiles y urbanizaci\u00f3n.<\/li>\n<\/ul>\n<li>REPRESENTACIONES<\/li>\n<ul>\n<li>Representaci\u00f3n de empresas extranjeras en Argentina, con oficinas en Mendoza y Capital Federal<\/li>\n<li>Representaci\u00f3n de empresas argentinas en Bolivia con oficinas en Santa Cruz de las Sierras y La Paz<\/li>\n<li>Gesti\u00f3n y tr\u00e1mites ante organismos nacionales, provinciales o municipales, dependiendo de la actividad del cliente.<\/li>\n<li>Domicilio Legal a fines jur\u00eddicos<\/li>\n<\/ul>\n<\/ul>\n<\/div>\n<\/div>\n<\/div>\n<div id=\"logos-empresas\">\n<ul>\n<li><a class='responsive' data-alt=\"EMILIO TERZI S.A.\" href=\"?page_id=29\"><img decoding=\"async\" class=\"hov\" data-alt-src=\"wp-content\/uploads\/2014\/03\/et3.png\" src=\"wp-content\/uploads\/2014\/03\/ett.png\" \/><\/a><\/li>\n<li><a class='responsive' data-alt=\"ASOCIACI\u00d3N VOLUNTARIA DE EMPLEADO ADMINISTRATIVOS S.A.\" href=\"?page_id=164\"><img decoding=\"async\" class=\"hov\" alt=\"\" src=\"wp-content\/uploads\/2014\/03\/ave.png\" data-alt-src=\"wp-content\/uploads\/2014\/03\/avea.png\" \/><\/a><\/li>\n<li><a class='responsive' data-alt=\"DOS NACIONES ADMINISTRADORA S.R.L.\" href=\"?page_id=170\"><img decoding=\"async\" class=\"hov\" alt=\"\" src=\"wp-content\/uploads\/2014\/03\/dnaa.png\" data-alt-src=\"wp-content\/uploads\/2014\/03\/dna.png\" \/><\/a><\/li>\n<li><a class='responsive' data-alt=\"GESTION DE SERVICIOS PETROLEROS S.A.\" href=\"?page_id=159\"><img decoding=\"async\" class=\"hov\" alt=\"\" src=\"wp-content\/uploads\/2014\/03\/gspp.png\" data-alt-src=\"wp-content\/uploads\/2014\/03\/gsp.png\" \/><\/a><\/li>\n<li><a class='responsive' data-alt=\"IMPORTADORA BOART S.R.L.\" href=\"?page_id=172\"><img decoding=\"async\" class=\"hov\" alt=\"\" src=\"wp-content\/uploads\/2014\/03\/ibb.png\" data-alt-src=\"wp-content\/uploads\/2014\/03\/ib.png\" \/><\/a><\/li>\n<li><img decoding=\"async\" src=\"wp-content\/uploads\/2014\/03\/epavsa.png\" \/><\/li>\n<p><!--\n\n<li><a class='responsive' data-alt=\"RECUBOT S.A.\" href=\"?page_id=166\"><img decoding=\"async\" class=\"hov\" alt=\"\" src=\"wp-content\/uploads\/2014\/03\/recu.png\" data-alt-src=\"wp-content\/uploads\/2014\/03\/recubot.png\" \/><\/a><\/li>\n\n\n\n\n<li><a class='responsive' data-alt=\"SL DORREGO S.R.L.\" href=\"?page_id=168\"><img decoding=\"async\" class=\"hov\" alt=\"\" src=\"wp-content\/uploads\/2014\/03\/sll.png\" data-alt-src=\"wp-content\/uploads\/2014\/03\/sl.png\" \/><\/a><\/li>\n\n\n\n\n<li><a class='responsive' data-alt=\"TPEX S.A.\" href=\"?page_id=162\"><img decoding=\"async\" class=\"hov\" alt=\"\" src=\"wp-content\/uploads\/2014\/03\/tpe.png\" data-alt-src=\"wp-content\/uploads\/2014\/03\/tpex.png\" \/><\/a><\/li>\n\n--><\/p>\n<\/ul>\n<\/div>\n<p><script>\n\tjQuery(document).ready(function() {\n\t\tjQuery('a[href^=\"#\"]').on('click',function (e) {\n\t\t    e.preventDefault();\n\t\t\t    var target = this.hash, $target = jQuery(target);\n\t\t\t    jQuery('html, body').stop().animate({\n\t\t\t        'scrollTop': $target.offset().top\n\t\t\t    }, 900, 'swing', function () {\n\t        \twindow.location.hash = target;\n\t\t\t});\n                });\t\t\n\t})\n<\/script><br \/>\n<script>\n\tvar sourceSwap = function () {\n\t\tvar thi = jQuery(this);\n\t\tvar newSource = thi.data('alt-src');\n\t\tthi.data('alt-src', thi.attr('src'));\n\t\tthi.attr('src', newSource);\n\t}\n\tjQuery(function () {\n\t\tjQuery('img.hov').hover(sourceSwap, sourceSwap);\n\t});\n<\/script><\/p>\n","protected":false},"excerpt":{"rendered":"<p>TDF Group EPAV S.A. SERVICIOS CONTACTO EPAV S.A. Brinda soluciones a obras y trabajos espec\u00edficos de la actividad vial y civil EPAV S.A. EJECUTA OBRAS CIVILES Y VIALES EN EL \u00c1MBITO PRIVADO, PROVINCIAL Y MUNICIPAL. SERVICIOS ADMINISTRACION Y GESTION Provisi\u00f3n&#8230;<\/p>\n","protected":false},"author":1,"featured_media":0,"parent":0,"menu_order":0,"comment_status":"open","ping_status":"open","template":"template-fullwidth.php","meta":{"footnotes":""},"class_list":["post-383","page","type-page","status-publish","hentry"],"_links":{"self":[{"href":"http:\/\/tdfgroup.com.ar\/index.php?rest_route=\/wp\/v2\/pages\/383","targetHints":{"allow":["GET"]}}],"collection":[{"href":"http:\/\/tdfgroup.com.ar\/index.php?rest_route=\/wp\/v2\/pages"}],"about":[{"href":"http:\/\/tdfgroup.com.ar\/index.php?rest_route=\/wp\/v2\/types\/page"}],"author":[{"embeddable":true,"href":"http:\/\/tdfgroup.com.ar\/index.php?rest_route=\/wp\/v2\/users\/1"}],"replies":[{"embeddable":true,"href":"http:\/\/tdfgroup.com.ar\/index.php?rest_route=%2Fwp%2Fv2%2Fcomments&post=383"}],"version-history":[{"count":8,"href":"http:\/\/tdfgroup.com.ar\/index.php?rest_route=\/wp\/v2\/pages\/383\/revisions"}],"predecessor-version":[{"id":479,"href":"http:\/\/tdfgroup.com.ar\/index.php?rest_route=\/wp\/v2\/pages\/383\/revisions\/479"}],"wp:attachment":[{"href":"http:\/\/tdfgroup.com.ar\/index.php?rest_route=%2Fwp%2Fv2%2Fmedia&parent=383"}],"curies":[{"name":"wp","href":"https:\/\/api.w.org\/{rel}","templated":true}]}}